{"id":442,"date":"2026-01-29T13:00:33","date_gmt":"2026-01-29T13:00:33","guid":{"rendered":"https:\/\/kaykasadowska.rkinformatika.online\/?post_type=product&#038;p=442"},"modified":"2026-03-09T13:26:45","modified_gmt":"2026-03-09T13:26:45","slug":"kurs-online","status":"publish","type":"product","link":"https:\/\/kaykasadowska.com\/pl\/produkt\/kurs-online\/","title":{"rendered":"kurs online"},"content":{"rendered":"<p data-start=\"0\" data-end=\"68\"><strong data-start=\"0\" data-end=\"68\">Wolny S\u0142uchacz \u2013 ucz si\u0119 hiszpa\u0144skiego ze mn\u0105 we w\u0142asnym tempie!<\/strong><\/p>\n<p data-start=\"70\" data-end=\"123\"><strong data-start=\"70\" data-end=\"80\">Uwaga:<\/strong> Mo\u017cliwo\u015b\u0107 subskrypcji \/ p\u0142atno\u015bci w ratach<\/p>","protected":false},"excerpt":{"rendered":"<p data-start=\"0\" data-end=\"68\"><strong data-start=\"0\" data-end=\"68\">Wolny S\u0142uchacz \u2013 ucz si\u0119 hiszpa\u0144skiego ze mn\u0105 we w\u0142asnym tempie!<\/strong><\/p>\n<p data-start=\"70\" data-end=\"123\"><strong data-start=\"70\" data-end=\"80\">Uwaga:<\/strong> Mo\u017cliwo\u015b\u0107 subskrypcji \/ p\u0142atno\u015bci w ratach<\/p>","protected":false},"featured_media":443,"comment_status":"open","ping_status":"closed","template":"","meta":[],"product_brand":[],"product_cat":[21],"product_tag":[],"class_list":{"0":"post-442","1":"product","2":"type-product","3":"status-publish","4":"has-post-thumbnail","6":"product_cat-cursos","8":"first","9":"instock","10":"shipping-taxable","11":"purchasable","12":"product-type-simple"},"yoast_head":"<!-- This site is optimized with the Yoast SEO plugin v27.3 - https:\/\/yoast.com\/product\/yoast-seo-wordpress\/ -->\n<title>kurs online - Kaja Sadowska<\/title>\n<meta name=\"robots\" content=\"index, follow, max-snippet:-1, max-image-preview:large, max-video-preview:-1\" \/>\n<link rel=\"canonical\" href=\"https:\/\/kaykasadowska.com\/pl\/produkt\/kurs-online\/\" \/>\n<meta property=\"og:locale\" content=\"pl_PL\" \/>\n<meta property=\"og:type\" content=\"article\" \/>\n<meta property=\"og:title\" content=\"kurs online - Kaja Sadowska\" \/>\n<meta property=\"og:description\" content=\"Wolny S\u0142uchacz \u2013 ucz si\u0119 hiszpa\u0144skiego ze mn\u0105 we w\u0142asnym tempie! Uwaga: Mo\u017cliwo\u015b\u0107 subskrypcji \/ p\u0142atno\u015bci w ratach\" \/>\n<meta property=\"og:url\" content=\"https:\/\/kaykasadowska.com\/pl\/produkt\/kurs-online\/\" \/>\n<meta property=\"og:site_name\" content=\"Kaja Sadowska\" \/>\n<meta property=\"article:modified_time\" content=\"2026-03-09T13:26:45+00:00\" \/>\n<meta property=\"og:image\" content=\"https:\/\/kaykasadowska.com\/wp-content\/uploads\/2026\/01\/young-female-student-listening-her-english-teacher-scaled.jpg\" \/>\n\t<meta property=\"og:image:width\" content=\"2560\" \/>\n\t<meta property=\"og:image:height\" content=\"1542\" \/>\n\t<meta property=\"og:image:type\" content=\"image\/jpeg\" \/>\n<meta name=\"twitter:card\" content=\"summary_large_image\" \/>\n<meta name=\"twitter:label1\" content=\"Szacowany czas czytania\" \/>\n\t<meta name=\"twitter:data1\" content=\"1 minuta\" \/>\n<script type=\"application\/ld+json\" class=\"yoast-schema-graph\">{\"@context\":\"https:\\\/\\\/schema.org\",\"@graph\":[{\"@type\":\"WebPage\",\"@id\":\"https:\\\/\\\/kaykasadowska.com\\\/producto\\\/kurs-online\\\/\",\"url\":\"https:\\\/\\\/kaykasadowska.com\\\/producto\\\/kurs-online\\\/\",\"name\":\"kurs online - Kaja Sadowska\",\"isPartOf\":{\"@id\":\"https:\\\/\\\/kaykasadowska.com\\\/#website\"},\"primaryImageOfPage\":{\"@id\":\"https:\\\/\\\/kaykasadowska.com\\\/producto\\\/kurs-online\\\/#primaryimage\"},\"image\":{\"@id\":\"https:\\\/\\\/kaykasadowska.com\\\/producto\\\/kurs-online\\\/#primaryimage\"},\"thumbnailUrl\":\"https:\\\/\\\/kaykasadowska.com\\\/wp-content\\\/uploads\\\/2026\\\/01\\\/young-female-student-listening-her-english-teacher-scaled.jpg\",\"datePublished\":\"2026-01-29T13:00:33+00:00\",\"dateModified\":\"2026-03-09T13:26:45+00:00\",\"breadcrumb\":{\"@id\":\"https:\\\/\\\/kaykasadowska.com\\\/producto\\\/kurs-online\\\/#breadcrumb\"},\"inLanguage\":\"pl-PL\",\"potentialAction\":[{\"@type\":\"ReadAction\",\"target\":[\"https:\\\/\\\/kaykasadowska.com\\\/producto\\\/kurs-online\\\/\"]}]},{\"@type\":\"ImageObject\",\"inLanguage\":\"pl-PL\",\"@id\":\"https:\\\/\\\/kaykasadowska.com\\\/producto\\\/kurs-online\\\/#primaryimage\",\"url\":\"https:\\\/\\\/kaykasadowska.com\\\/wp-content\\\/uploads\\\/2026\\\/01\\\/young-female-student-listening-her-english-teacher-scaled.jpg\",\"contentUrl\":\"https:\\\/\\\/kaykasadowska.com\\\/wp-content\\\/uploads\\\/2026\\\/01\\\/young-female-student-listening-her-english-teacher-scaled.jpg\",\"width\":2560,\"height\":1542},{\"@type\":\"BreadcrumbList\",\"@id\":\"https:\\\/\\\/kaykasadowska.com\\\/producto\\\/kurs-online\\\/#breadcrumb\",\"itemListElement\":[{\"@type\":\"ListItem\",\"position\":1,\"name\":\"Portada\",\"item\":\"https:\\\/\\\/kaykasadowska.com\\\/\"},{\"@type\":\"ListItem\",\"position\":2,\"name\":\"Sklep\",\"item\":\"https:\\\/\\\/kaykasadowska.com\\\/sklep\\\/\"},{\"@type\":\"ListItem\",\"position\":3,\"name\":\"kurs online\"}]},{\"@type\":\"WebSite\",\"@id\":\"https:\\\/\\\/kaykasadowska.com\\\/#website\",\"url\":\"https:\\\/\\\/kaykasadowska.com\\\/\",\"name\":\"Kaja Sadowska\",\"description\":\"\",\"publisher\":{\"@id\":\"https:\\\/\\\/kaykasadowska.com\\\/#organization\"},\"potentialAction\":[{\"@type\":\"SearchAction\",\"target\":{\"@type\":\"EntryPoint\",\"urlTemplate\":\"https:\\\/\\\/kaykasadowska.com\\\/?s={search_term_string}\"},\"query-input\":{\"@type\":\"PropertyValueSpecification\",\"valueRequired\":true,\"valueName\":\"search_term_string\"}}],\"inLanguage\":\"pl-PL\"},{\"@type\":\"Organization\",\"@id\":\"https:\\\/\\\/kaykasadowska.com\\\/#organization\",\"name\":\"Kaja Sadowska\",\"url\":\"https:\\\/\\\/kaykasadowska.com\\\/\",\"logo\":{\"@type\":\"ImageObject\",\"inLanguage\":\"pl-PL\",\"@id\":\"https:\\\/\\\/kaykasadowska.com\\\/#\\\/schema\\\/logo\\\/image\\\/\",\"url\":\"https:\\\/\\\/kaykasadowska.com\\\/wp-content\\\/uploads\\\/2026\\\/01\\\/cropped-Logo-internet-small-Kaja-Sadowska.png\",\"contentUrl\":\"https:\\\/\\\/kaykasadowska.com\\\/wp-content\\\/uploads\\\/2026\\\/01\\\/cropped-Logo-internet-small-Kaja-Sadowska.png\",\"width\":1280,\"height\":1280,\"caption\":\"Kaja Sadowska\"},\"image\":{\"@id\":\"https:\\\/\\\/kaykasadowska.com\\\/#\\\/schema\\\/logo\\\/image\\\/\"}}]}<\/script>\n<!-- \/ Yoast SEO plugin. -->","yoast_head_json":{"title":"kurs online - Kaja Sadowska","robots":{"index":"index","follow":"follow","max-snippet":"max-snippet:-1","max-image-preview":"max-image-preview:large","max-video-preview":"max-video-preview:-1"},"canonical":"https:\/\/kaykasadowska.com\/pl\/produkt\/kurs-online\/","og_locale":"pl_PL","og_type":"article","og_title":"kurs online - Kaja Sadowska","og_description":"Wolny S\u0142uchacz \u2013 ucz si\u0119 hiszpa\u0144skiego ze mn\u0105 we w\u0142asnym tempie! Uwaga: Mo\u017cliwo\u015b\u0107 subskrypcji \/ p\u0142atno\u015bci w ratach","og_url":"https:\/\/kaykasadowska.com\/pl\/produkt\/kurs-online\/","og_site_name":"Kaja Sadowska","article_modified_time":"2026-03-09T13:26:45+00:00","og_image":[{"width":2560,"height":1542,"url":"https:\/\/kaykasadowska.com\/wp-content\/uploads\/2026\/01\/young-female-student-listening-her-english-teacher-scaled.jpg","type":"image\/jpeg"}],"twitter_card":"summary_large_image","twitter_misc":{"Szacowany czas czytania":"1 minuta"},"schema":{"@context":"https:\/\/schema.org","@graph":[{"@type":"WebPage","@id":"https:\/\/kaykasadowska.com\/producto\/kurs-online\/","url":"https:\/\/kaykasadowska.com\/producto\/kurs-online\/","name":"kurs online - Kaja Sadowska","isPartOf":{"@id":"https:\/\/kaykasadowska.com\/#website"},"primaryImageOfPage":{"@id":"https:\/\/kaykasadowska.com\/producto\/kurs-online\/#primaryimage"},"image":{"@id":"https:\/\/kaykasadowska.com\/producto\/kurs-online\/#primaryimage"},"thumbnailUrl":"https:\/\/kaykasadowska.com\/wp-content\/uploads\/2026\/01\/young-female-student-listening-her-english-teacher-scaled.jpg","datePublished":"2026-01-29T13:00:33+00:00","dateModified":"2026-03-09T13:26:45+00:00","breadcrumb":{"@id":"https:\/\/kaykasadowska.com\/producto\/kurs-online\/#breadcrumb"},"inLanguage":"pl-PL","potentialAction":[{"@type":"ReadAction","target":["https:\/\/kaykasadowska.com\/producto\/kurs-online\/"]}]},{"@type":"ImageObject","inLanguage":"pl-PL","@id":"https:\/\/kaykasadowska.com\/producto\/kurs-online\/#primaryimage","url":"https:\/\/kaykasadowska.com\/wp-content\/uploads\/2026\/01\/young-female-student-listening-her-english-teacher-scaled.jpg","contentUrl":"https:\/\/kaykasadowska.com\/wp-content\/uploads\/2026\/01\/young-female-student-listening-her-english-teacher-scaled.jpg","width":2560,"height":1542},{"@type":"BreadcrumbList","@id":"https:\/\/kaykasadowska.com\/producto\/kurs-online\/#breadcrumb","itemListElement":[{"@type":"ListItem","position":1,"name":"Portada","item":"https:\/\/kaykasadowska.com\/"},{"@type":"ListItem","position":2,"name":"Sklep","item":"https:\/\/kaykasadowska.com\/sklep\/"},{"@type":"ListItem","position":3,"name":"kurs online"}]},{"@type":"WebSite","@id":"https:\/\/kaykasadowska.com\/#website","url":"https:\/\/kaykasadowska.com\/","name":"Kaja Sadowska","description":"","publisher":{"@id":"https:\/\/kaykasadowska.com\/#organization"},"potentialAction":[{"@type":"SearchAction","target":{"@type":"EntryPoint","urlTemplate":"https:\/\/kaykasadowska.com\/?s={search_term_string}"},"query-input":{"@type":"PropertyValueSpecification","valueRequired":true,"valueName":"search_term_string"}}],"inLanguage":"pl-PL"},{"@type":"Organization","@id":"https:\/\/kaykasadowska.com\/#organization","name":"Kaja Sadowska","url":"https:\/\/kaykasadowska.com\/","logo":{"@type":"ImageObject","inLanguage":"pl-PL","@id":"https:\/\/kaykasadowska.com\/#\/schema\/logo\/image\/","url":"https:\/\/kaykasadowska.com\/wp-content\/uploads\/2026\/01\/cropped-Logo-internet-small-Kaja-Sadowska.png","contentUrl":"https:\/\/kaykasadowska.com\/wp-content\/uploads\/2026\/01\/cropped-Logo-internet-small-Kaja-Sadowska.png","width":1280,"height":1280,"caption":"Kaja Sadowska"},"image":{"@id":"https:\/\/kaykasadowska.com\/#\/schema\/logo\/image\/"}}]}},"_links":{"self":[{"href":"https:\/\/kaykasadowska.com\/pl\/wp-json\/wp\/v2\/product\/442","targetHints":{"allow":["GET"]}}],"collection":[{"href":"https:\/\/kaykasadowska.com\/pl\/wp-json\/wp\/v2\/product"}],"about":[{"href":"https:\/\/kaykasadowska.com\/pl\/wp-json\/wp\/v2\/types\/product"}],"replies":[{"embeddable":true,"href":"https:\/\/kaykasadowska.com\/pl\/wp-json\/wp\/v2\/comments?post=442"}],"wp:featuredmedia":[{"embeddable":true,"href":"https:\/\/kaykasadowska.com\/pl\/wp-json\/wp\/v2\/media\/443"}],"wp:attachment":[{"href":"https:\/\/kaykasadowska.com\/pl\/wp-json\/wp\/v2\/media?parent=442"}],"wp:term":[{"taxonomy":"product_brand","embeddable":true,"href":"https:\/\/kaykasadowska.com\/pl\/wp-json\/wp\/v2\/product_brand?post=442"},{"taxonomy":"product_cat","embeddable":true,"href":"https:\/\/kaykasadowska.com\/pl\/wp-json\/wp\/v2\/product_cat?post=442"},{"taxonomy":"product_tag","embeddable":true,"href":"https:\/\/kaykasadowska.com\/pl\/wp-json\/wp\/v2\/product_tag?post=442"}],"curies":[{"name":"wp","href":"https:\/\/api.w.org\/{rel}","templated":true}]}}