{"id":9,"date":"2026-01-27T16:48:08","date_gmt":"2026-01-27T16:48:08","guid":{"rendered":"https:\/\/kaykasadowska.rkinformatika.online\/?page_id=9"},"modified":"2026-03-09T14:10:19","modified_gmt":"2026-03-09T14:10:19","slug":"polityka-zwrotow","status":"publish","type":"page","link":"https:\/\/kaykasadowska.com\/pl\/polityka-zwrotow\/","title":{"rendered":"Polityka zwrot\u00f3w"},"content":{"rendered":"<div data-elementor-type=\"wp-page\" data-elementor-id=\"9\" class=\"elementor elementor-9\" data-elementor-post-type=\"page\">\n\t\t\t\t<div class=\"elementor-element elementor-element-622a62d e-flex e-con-boxed e-con e-parent\" data-id=\"622a62d\" data-element_type=\"container\" data-e-type=\"container\">\n\t\t\t\t\t<div class=\"e-con-inner\">\n\t\t\t\t<div class=\"elementor-element elementor-element-5e524cd elementor-widget elementor-widget-text-editor\" data-id=\"5e524cd\" data-element_type=\"widget\" data-e-type=\"widget\" data-widget_type=\"text-editor.default\">\n\t\t\t\t\t\t\t\t\t<div class=\"shopify-policy__title\"><h1 data-section-id=\"5497a3\" data-start=\"50\" data-end=\"72\"><strong data-start=\"52\" data-end=\"72\">POLITYKA ZWROT\u00d3W<\/strong><\/h1><h2 data-section-id=\"1df8v2w\" data-start=\"74\" data-end=\"87\"><strong data-start=\"77\" data-end=\"87\">Zwroty<\/strong><\/h2><p data-start=\"89\" data-end=\"237\">Nasza polityka zwrot\u00f3w obowi\u0105zuje przez <strong data-start=\"129\" data-end=\"139\">30 dni<\/strong>. Je\u015bli od daty zakupu min\u0119\u0142o 30 dni, niestety nie mo\u017cemy zaoferowa\u0107 zwrotu pieni\u0119dzy ani wymiany.<\/p><p data-start=\"239\" data-end=\"412\">Aby mo\u017cliwe by\u0142o dokonanie zwrotu, produkt musi by\u0107 <strong data-start=\"291\" data-end=\"305\">nieu\u017cywany<\/strong> i w takim samym stanie, w jakim zosta\u0142 otrzymany. Musi r\u00f3wnie\u017c znajdowa\u0107 si\u0119 w <strong data-start=\"385\" data-end=\"411\">oryginalnym opakowaniu<\/strong>.<\/p><p data-start=\"414\" data-end=\"533\">Produkty \u0142atwo psuj\u0105ce si\u0119, takie jak \u017cywno\u015b\u0107, nie podlegaj\u0105 zwrotowi, chyba \u017ce przyczyna zwrotu le\u017cy po stronie firmy.<\/p><h3 data-section-id=\"17jy2oh\" data-start=\"535\" data-end=\"592\"><strong data-start=\"539\" data-end=\"592\">Dodatkowe produkty, kt\u00f3re nie podlegaj\u0105 zwrotowi:<\/strong><\/h3><ul data-start=\"594\" data-end=\"613\"><li data-section-id=\"1qcp56g\" data-start=\"594\" data-end=\"613\"><p data-start=\"596\" data-end=\"613\">Karty podarunkowe<\/p><\/li><\/ul><p data-start=\"615\" data-end=\"674\">Aby zrealizowa\u0107 zwrot, wymagamy paragonu lub dowodu zakupu.<\/p><p data-start=\"676\" data-end=\"709\">Nie odsy\u0142aj zakupu do producenta.<\/p><h2 data-section-id=\"11yjswb\" data-start=\"711\" data-end=\"750\"><strong data-start=\"714\" data-end=\"750\">Zwroty pieni\u0119dzy (je\u015bli dotyczy)<\/strong><\/h2><p data-start=\"752\" data-end=\"938\">Po otrzymaniu i sprawdzeniu zwracanego produktu wy\u015blemy Ci wiadomo\u015b\u0107 e-mail z potwierdzeniem otrzymania zwrotu. Poinformujemy Ci\u0119 r\u00f3wnie\u017c o zatwierdzeniu lub odrzuceniu zwrotu pieni\u0119dzy.<\/p><p data-start=\"940\" data-end=\"1102\">Je\u015bli zwrot zostanie zatwierdzony, zostanie on przetworzony, a kwota zostanie automatycznie zwr\u00f3cona na oryginaln\u0105 metod\u0119 p\u0142atno\u015bci w ci\u0105gu okre\u015blonej liczby dni.<\/p><h2 data-section-id=\"1l91qg3\" data-start=\"1104\" data-end=\"1167\"><strong data-start=\"1107\" data-end=\"1167\">Op\u00f3\u017anione lub brakuj\u0105ce zwroty pieni\u0119dzy (je\u015bli dotyczy)<\/strong><\/h2><p data-start=\"1169\" data-end=\"1251\">Je\u015bli nadal nie otrzyma\u0142e\u015b zwrotu pieni\u0119dzy, najpierw sprawd\u017a swoje konto bankowe.<\/p><p data-start=\"1253\" data-end=\"1395\">Nast\u0119pnie skontaktuj si\u0119 z wystawc\u0105 swojej karty kredytowej, poniewa\u017c mo\u017ce up\u0142yn\u0105\u0107 troch\u0119 czasu, zanim zwrot zostanie oficjalnie zaksi\u0119gowany.<\/p><p data-start=\"1397\" data-end=\"1527\">Je\u015bli wykona\u0142e\u015b wszystkie te kroki i nadal nie otrzyma\u0142e\u015b zwrotu, skontaktuj si\u0119 z nami pod adresem: <strong data-start=\"1498\" data-end=\"1526\"><a class=\"decorated-link cursor-pointer\" rel=\"noopener\" data-start=\"1500\" data-end=\"1524\">kayka.sadowska@gmail.com<\/a><\/strong>.<\/p><h2 data-section-id=\"c5w3z9\" data-start=\"1529\" data-end=\"1576\"><strong data-start=\"1532\" data-end=\"1576\">Produkty obj\u0119te promocj\u0105 (je\u015bli dotyczy)<\/strong><\/h2><p data-start=\"1578\" data-end=\"1694\">Zwrotowi podlegaj\u0105 wy\u0142\u0105cznie produkty w regularnej cenie. Niestety, produkty obj\u0119te promocj\u0105 nie podlegaj\u0105 zwrotowi.<\/p><h2 data-section-id=\"o14a9b\" data-start=\"1696\" data-end=\"1726\"><strong data-start=\"1699\" data-end=\"1726\">Wymiany (je\u015bli dotyczy)<\/strong><\/h2><p data-start=\"1728\" data-end=\"2004\">Wymieniamy produkty wy\u0142\u0105cznie wtedy, gdy s\u0105 wadliwe lub uszkodzone (z winy firmy). Je\u015bli chcesz wymieni\u0107 produkt na taki sam, wy\u015blij nam wiadomo\u015b\u0107 e-mail na adres <strong data-start=\"1891\" data-end=\"1919\"><a class=\"decorated-link cursor-pointer\" rel=\"noopener\" data-start=\"1893\" data-end=\"1917\">kayka.sadowska@gmail.com<\/a><\/strong> i ode\u015blij produkt na adres: <strong data-start=\"1948\" data-end=\"2003\">C. Puerto Franco, 43, Los Realejos 38410 (Tenerife)<\/strong>.<\/p><h2 data-section-id=\"kajxop\" data-start=\"2006\" data-end=\"2020\"><strong data-start=\"2009\" data-end=\"2020\">Wysy\u0142ka<\/strong><\/h2><p data-start=\"2022\" data-end=\"2125\">Aby zwr\u00f3ci\u0107 produkt, nale\u017cy odes\u0142a\u0107 go na adres: <strong data-start=\"2071\" data-end=\"2124\">C. Puerto Franco, 43, Los Realejos 38410 Tenerife<\/strong>.<\/p><p data-start=\"2127\" data-end=\"2312\">Koszty wysy\u0142ki zwracanego produktu pokrywa kupuj\u0105cy. Koszty wysy\u0142ki nie podlegaj\u0105 zwrotowi. Je\u015bli otrzymasz zwrot pieni\u0119dzy, koszt przesy\u0142ki zwrotnej zostanie odliczony od kwoty zwrotu.<\/p><p data-start=\"2314\" data-end=\"2380\">W zale\u017cno\u015bci od miejsca zamieszkania czas dostawy mo\u017ce si\u0119 r\u00f3\u017cni\u0107.<\/p><\/div>\t\t\t\t\t\t\t\t<\/div>\n\t\t\t\t\t<\/div>\n\t\t\t\t<\/div>\n\t\t<div class=\"elementor-element elementor-element-bd1bc4c elementor-hidden-desktop elementor-hidden-tablet elementor-hidden-mobile e-flex e-con-boxed e-con e-parent\" data-id=\"bd1bc4c\" data-element_type=\"container\" data-e-type=\"container\">\n\t\t\t\t\t<div class=\"e-con-inner\">\n\t\t\t\t<div class=\"elementor-element elementor-element-ea3ea02 elementor-widget elementor-widget-text-editor\" data-id=\"ea3ea02\" data-element_type=\"widget\" data-e-type=\"widget\" data-widget_type=\"text-editor.default\">\n\t\t\t\t\t\t\t\t\t<div class=\"shopify-policy__title\"><h2>POL\u00cdTICA DE REEMBOLSO<\/h2><\/div><div class=\"shopify-policy__body\"><div class=\"rte\"><p><strong>Devoluciones<\/strong><\/p><p>Nuestra pol\u00edtica dura\u00a0<strong>30 d\u00edas<\/strong>. Si han pasado 30 d\u00edas desde su compra, desafortunadamente no podemos ofrecerle un reembolso o cambio.<\/p><p>Para poder proceder a su devoluci\u00f3n, el art\u00edculo debe estar sin usar y en las mismas condiciones en que lo recibi\u00f3. As\u00ed como en su embalaje original.<\/p><p>Los productos perecederos, como los alimentos, no podr\u00e1n devolverse, a no ser que su motivo sea responsabilidad de la empresa.\u00a0<\/p><p>Art\u00edculos adicionales no retornables:<\/p><p>&#8211; Tarjetas de regalo<\/p><p><strong>Para completar su devoluci\u00f3n, requerimos un recibo o comprobante de compra.<\/strong><\/p><p><strong>No env\u00ede su compra de vuelta al fabricante.<\/strong><\/p><p><strong>Reembolsos (si corresponde)<\/strong><\/p><p>Una vez que se reciba e inspeccione su devoluci\u00f3n, le enviaremos un correo electr\u00f3nico para notificarle que hemos recibido su art\u00edculo devuelto. Tambi\u00e9n le notificaremos la aprobaci\u00f3n o rechazo de su reembolso.<\/p><p>Si es aprobado, su reembolso ser\u00e1 procesado y se abonar\u00e1 autom\u00e1ticamente al m\u00e9todo de pago original, dentro de un cierta cantidad de d\u00edas<\/p><p><strong>Reembolsos tard\u00edos o faltantes (si corresponde)<\/strong><\/p><p>Si a\u00fan no ha recibido un reembolso, primero verifique su cuenta bancaria.<\/p><p>Luego comun\u00edquese con la compa\u00f1\u00eda de su tarjeta de cr\u00e9dito, puede pasar alg\u00fan tiempo antes de que su reembolso se publique oficialmente.<\/p><p>Si ha hecho todo esto y a\u00fan no ha recibido su reembolso, cont\u00e1ctenos en <strong>kayka.sadowska@gmail.com<\/strong>.<\/p><p><strong>Art\u00edculos en oferta (si corresponde)<\/strong><\/p><p>Solo se pueden reembolsar los art\u00edculos a precio regular, desafortunadamente los art\u00edculos en oferta no se pueden reembolsar.<\/p><p><strong>Intercambios (si corresponde)<\/strong><\/p><p>Solo reemplazamos los art\u00edculos si est\u00e1n defectuosos o da\u00f1ados (Por error de la empresa). Si necesita cambiarlo por el mismo art\u00edculo, env\u00edenos un correo electr\u00f3nico a <strong>kayka.sadowska@gmail.com<\/strong> y env\u00ede su art\u00edculo a: <strong>C. Puerto Franco, 43, Los Realejos 38410 (Tenerife)<\/strong>.<\/p><p><strong>Env\u00edo<\/strong><\/p><p>Para devolver su producto, debe enviarlo por correo a: <strong>C. Puerto Franco, 43, Los Realejos 38410 Tenerife.<\/strong><\/p><p>Usted ser\u00e1 responsable de pagar sus propios costos de env\u00edo para devolver su art\u00edculo. Los gastos de env\u00edo no son reembolsables. Si recibe un reembolso, el costo del env\u00edo de devoluci\u00f3n se deducir\u00e1 de su reembolso.<\/p><p>Dependiendo de d\u00f3nde viva, el tiempo de entrega puede variar.<\/p><\/div><\/div>\t\t\t\t\t\t\t\t<\/div>\n\t\t\t\t\t<\/div>\n\t\t\t\t<\/div>\n\t\t\t\t<\/div>","protected":false},"excerpt":{"rendered":"<p>POLITYKA ZWROT\u00d3W Zwroty Nasza polityka zwrot\u00f3w obowi\u0105zuje przez 30 dni. Je\u015bli od daty zakupu min\u0119\u0142o 30 dni, niestety nie mo\u017cemy zaoferowa\u0107 zwrotu pieni\u0119dzy ani wymiany. Aby mo\u017cliwe by\u0142o dokonanie zwrotu, produkt musi by\u0107 nieu\u017cywany i w takim samym stanie, w jakim zosta\u0142 otrzymany. Musi r\u00f3wnie\u017c znajdowa\u0107 si\u0119 w oryginalnym opakowaniu. Produkty \u0142atwo psuj\u0105ce si\u0119, takie [&hellip;]<\/p>\n","protected":false},"author":1,"featured_media":0,"parent":0,"menu_order":0,"comment_status":"closed","ping_status":"closed","template":"","meta":{"footnotes":""},"class_list":["post-9","page","type-page","status-publish","hentry"],"yoast_head":"<!-- This site is optimized with the Yoast SEO plugin v27.3 - https:\/\/yoast.com\/product\/yoast-seo-wordpress\/ -->\n<title>Polityka zwrot\u00f3w - Kaja Sadowska<\/title>\n<meta name=\"robots\" content=\"index, follow, max-snippet:-1, max-image-preview:large, max-video-preview:-1\" \/>\n<link rel=\"canonical\" href=\"https:\/\/kaykasadowska.com\/pl\/polityka-zwrotow\/\" \/>\n<meta property=\"og:locale\" content=\"pl_PL\" \/>\n<meta property=\"og:type\" content=\"article\" \/>\n<meta property=\"og:title\" content=\"Polityka zwrot\u00f3w - Kaja Sadowska\" \/>\n<meta property=\"og:description\" content=\"POLITYKA ZWROT\u00d3W Zwroty Nasza polityka zwrot\u00f3w obowi\u0105zuje przez 30 dni. Je\u015bli od daty zakupu min\u0119\u0142o 30 dni, niestety nie mo\u017cemy zaoferowa\u0107 zwrotu pieni\u0119dzy ani wymiany. Aby mo\u017cliwe by\u0142o dokonanie zwrotu, produkt musi by\u0107 nieu\u017cywany i w takim samym stanie, w jakim zosta\u0142 otrzymany. Musi r\u00f3wnie\u017c znajdowa\u0107 si\u0119 w oryginalnym opakowaniu. Produkty \u0142atwo psuj\u0105ce si\u0119, takie [&hellip;]\" \/>\n<meta property=\"og:url\" content=\"https:\/\/kaykasadowska.com\/pl\/polityka-zwrotow\/\" \/>\n<meta property=\"og:site_name\" content=\"Kaja Sadowska\" \/>\n<meta property=\"article:modified_time\" content=\"2026-03-09T14:10:19+00:00\" \/>\n<meta name=\"twitter:card\" content=\"summary_large_image\" \/>\n<meta name=\"twitter:label1\" content=\"Szacowany czas czytania\" \/>\n\t<meta name=\"twitter:data1\" content=\"3 minuty\" \/>\n<script type=\"application\/ld+json\" class=\"yoast-schema-graph\">{\"@context\":\"https:\\\/\\\/schema.org\",\"@graph\":[{\"@type\":\"WebPage\",\"@id\":\"https:\\\/\\\/kaykasadowska.com\\\/polityka-zwrotow\\\/\",\"url\":\"https:\\\/\\\/kaykasadowska.com\\\/polityka-zwrotow\\\/\",\"name\":\"Polityka zwrot\u00f3w - Kaja Sadowska\",\"isPartOf\":{\"@id\":\"https:\\\/\\\/kaykasadowska.com\\\/#website\"},\"datePublished\":\"2026-01-27T16:48:08+00:00\",\"dateModified\":\"2026-03-09T14:10:19+00:00\",\"breadcrumb\":{\"@id\":\"https:\\\/\\\/kaykasadowska.com\\\/polityka-zwrotow\\\/#breadcrumb\"},\"inLanguage\":\"pl-PL\",\"potentialAction\":[{\"@type\":\"ReadAction\",\"target\":[\"https:\\\/\\\/kaykasadowska.com\\\/polityka-zwrotow\\\/\"]}]},{\"@type\":\"BreadcrumbList\",\"@id\":\"https:\\\/\\\/kaykasadowska.com\\\/polityka-zwrotow\\\/#breadcrumb\",\"itemListElement\":[{\"@type\":\"ListItem\",\"position\":1,\"name\":\"Portada\",\"item\":\"https:\\\/\\\/kaykasadowska.com\\\/\"},{\"@type\":\"ListItem\",\"position\":2,\"name\":\"Polityka zwrot\u00f3w\"}]},{\"@type\":\"WebSite\",\"@id\":\"https:\\\/\\\/kaykasadowska.com\\\/#website\",\"url\":\"https:\\\/\\\/kaykasadowska.com\\\/\",\"name\":\"Kaja Sadowska\",\"description\":\"\",\"publisher\":{\"@id\":\"https:\\\/\\\/kaykasadowska.com\\\/#organization\"},\"potentialAction\":[{\"@type\":\"SearchAction\",\"target\":{\"@type\":\"EntryPoint\",\"urlTemplate\":\"https:\\\/\\\/kaykasadowska.com\\\/?s={search_term_string}\"},\"query-input\":{\"@type\":\"PropertyValueSpecification\",\"valueRequired\":true,\"valueName\":\"search_term_string\"}}],\"inLanguage\":\"pl-PL\"},{\"@type\":\"Organization\",\"@id\":\"https:\\\/\\\/kaykasadowska.com\\\/#organization\",\"name\":\"Kaja Sadowska\",\"url\":\"https:\\\/\\\/kaykasadowska.com\\\/\",\"logo\":{\"@type\":\"ImageObject\",\"inLanguage\":\"pl-PL\",\"@id\":\"https:\\\/\\\/kaykasadowska.com\\\/#\\\/schema\\\/logo\\\/image\\\/\",\"url\":\"https:\\\/\\\/kaykasadowska.com\\\/wp-content\\\/uploads\\\/2026\\\/01\\\/cropped-Logo-internet-small-Kaja-Sadowska.png\",\"contentUrl\":\"https:\\\/\\\/kaykasadowska.com\\\/wp-content\\\/uploads\\\/2026\\\/01\\\/cropped-Logo-internet-small-Kaja-Sadowska.png\",\"width\":1280,\"height\":1280,\"caption\":\"Kaja Sadowska\"},\"image\":{\"@id\":\"https:\\\/\\\/kaykasadowska.com\\\/#\\\/schema\\\/logo\\\/image\\\/\"}}]}<\/script>\n<!-- \/ Yoast SEO plugin. -->","yoast_head_json":{"title":"Polityka zwrot\u00f3w - Kaja Sadowska","robots":{"index":"index","follow":"follow","max-snippet":"max-snippet:-1","max-image-preview":"max-image-preview:large","max-video-preview":"max-video-preview:-1"},"canonical":"https:\/\/kaykasadowska.com\/pl\/polityka-zwrotow\/","og_locale":"pl_PL","og_type":"article","og_title":"Polityka zwrot\u00f3w - Kaja Sadowska","og_description":"POLITYKA ZWROT\u00d3W Zwroty Nasza polityka zwrot\u00f3w obowi\u0105zuje przez 30 dni. Je\u015bli od daty zakupu min\u0119\u0142o 30 dni, niestety nie mo\u017cemy zaoferowa\u0107 zwrotu pieni\u0119dzy ani wymiany. Aby mo\u017cliwe by\u0142o dokonanie zwrotu, produkt musi by\u0107 nieu\u017cywany i w takim samym stanie, w jakim zosta\u0142 otrzymany. Musi r\u00f3wnie\u017c znajdowa\u0107 si\u0119 w oryginalnym opakowaniu. Produkty \u0142atwo psuj\u0105ce si\u0119, takie [&hellip;]","og_url":"https:\/\/kaykasadowska.com\/pl\/polityka-zwrotow\/","og_site_name":"Kaja Sadowska","article_modified_time":"2026-03-09T14:10:19+00:00","twitter_card":"summary_large_image","twitter_misc":{"Szacowany czas czytania":"3 minuty"},"schema":{"@context":"https:\/\/schema.org","@graph":[{"@type":"WebPage","@id":"https:\/\/kaykasadowska.com\/polityka-zwrotow\/","url":"https:\/\/kaykasadowska.com\/polityka-zwrotow\/","name":"Polityka zwrot\u00f3w - Kaja Sadowska","isPartOf":{"@id":"https:\/\/kaykasadowska.com\/#website"},"datePublished":"2026-01-27T16:48:08+00:00","dateModified":"2026-03-09T14:10:19+00:00","breadcrumb":{"@id":"https:\/\/kaykasadowska.com\/polityka-zwrotow\/#breadcrumb"},"inLanguage":"pl-PL","potentialAction":[{"@type":"ReadAction","target":["https:\/\/kaykasadowska.com\/polityka-zwrotow\/"]}]},{"@type":"BreadcrumbList","@id":"https:\/\/kaykasadowska.com\/polityka-zwrotow\/#breadcrumb","itemListElement":[{"@type":"ListItem","position":1,"name":"Portada","item":"https:\/\/kaykasadowska.com\/"},{"@type":"ListItem","position":2,"name":"Polityka zwrot\u00f3w"}]},{"@type":"WebSite","@id":"https:\/\/kaykasadowska.com\/#website","url":"https:\/\/kaykasadowska.com\/","name":"Kaja Sadowska","description":"","publisher":{"@id":"https:\/\/kaykasadowska.com\/#organization"},"potentialAction":[{"@type":"SearchAction","target":{"@type":"EntryPoint","urlTemplate":"https:\/\/kaykasadowska.com\/?s={search_term_string}"},"query-input":{"@type":"PropertyValueSpecification","valueRequired":true,"valueName":"search_term_string"}}],"inLanguage":"pl-PL"},{"@type":"Organization","@id":"https:\/\/kaykasadowska.com\/#organization","name":"Kaja Sadowska","url":"https:\/\/kaykasadowska.com\/","logo":{"@type":"ImageObject","inLanguage":"pl-PL","@id":"https:\/\/kaykasadowska.com\/#\/schema\/logo\/image\/","url":"https:\/\/kaykasadowska.com\/wp-content\/uploads\/2026\/01\/cropped-Logo-internet-small-Kaja-Sadowska.png","contentUrl":"https:\/\/kaykasadowska.com\/wp-content\/uploads\/2026\/01\/cropped-Logo-internet-small-Kaja-Sadowska.png","width":1280,"height":1280,"caption":"Kaja Sadowska"},"image":{"@id":"https:\/\/kaykasadowska.com\/#\/schema\/logo\/image\/"}}]}},"_links":{"self":[{"href":"https:\/\/kaykasadowska.com\/pl\/wp-json\/wp\/v2\/pages\/9","targetHints":{"allow":["GET"]}}],"collection":[{"href":"https:\/\/kaykasadowska.com\/pl\/wp-json\/wp\/v2\/pages"}],"about":[{"href":"https:\/\/kaykasadowska.com\/pl\/wp-json\/wp\/v2\/types\/page"}],"author":[{"embeddable":true,"href":"https:\/\/kaykasadowska.com\/pl\/wp-json\/wp\/v2\/users\/1"}],"replies":[{"embeddable":true,"href":"https:\/\/kaykasadowska.com\/pl\/wp-json\/wp\/v2\/comments?post=9"}],"version-history":[{"count":23,"href":"https:\/\/kaykasadowska.com\/pl\/wp-json\/wp\/v2\/pages\/9\/revisions"}],"predecessor-version":[{"id":1103,"href":"https:\/\/kaykasadowska.com\/pl\/wp-json\/wp\/v2\/pages\/9\/revisions\/1103"}],"wp:attachment":[{"href":"https:\/\/kaykasadowska.com\/pl\/wp-json\/wp\/v2\/media?parent=9"}],"curies":[{"name":"wp","href":"https:\/\/api.w.org\/{rel}","templated":true}]}}